{"id":11,"date":"2014-05-08T08:32:49","date_gmt":"2014-05-08T08:32:49","guid":{"rendered":"http:\/\/inspirythemesdemo.com\/medicalpress\/?page_id=11"},"modified":"2020-04-27T18:02:01","modified_gmt":"2020-04-27T16:02:01","slug":"fogaszat-szajsebeszet-sopron","status":"publish","type":"page","link":"https:\/\/www.swissdent.hu\/de\/","title":{"rendered":"Zahnarzt, Zahnbehandlung Ungarn"},"content":{"rendered":"<div class=\"wpb-content-wrapper\"><p>[vc_row content_placement=&#8221;middle&#8221; css=&#8221;.vc_custom_1585520300946{padding-top: 30px !important;}&#8221;][vc_column][vc_column_text]<\/p>\n<header class=\"home-section-header animated fadeInUp ae-animation-fadeInUp\">\n<h2 class=\"home-section-title\">Wieso uns?<\/h2>\n<p class=\"home-section-description\">Neben unseren professionellen Fachkr\u00e4fte gibt es auch weitere Punkte, uns zu w\u00e4hlen:<\/p>\n<\/header>\n<div class=\"row\">\n<div class=\"col-12 col-sm-6 col-lg-3\">\n<article class=\"whyus services-item services-item-icon service type-service status-publish has-post-thumbnail hentry\">\n<div class=\"services-item-thumb-wrapper\"><i class=\"fa fa-3x fa-smile greenicon\"><\/i><\/div>\n<div class=\"services-item-content-wrap\">\n<h3 class=\"services-item-title\">Schmerzfrei<\/h3>\n<div class=\"services-item-content\">\n<p>Vergessen Sie die Angst vor dem Zahnarzt, bei uns gibt es schmerzfreie Zahnbehandlungen.<\/p><\/div>\n<\/div>\n<\/article>\n<\/div>\n<div class=\"col-12 col-sm-6 col-lg-3\">\n<article class=\"whyus services-item services-item-icon service type-service status-publish has-post-thumbnail hentry\">\n<div class=\"services-item-thumb-wrapper\"><i class=\"fa fa-3x fa-user-md greenicon\"><\/i><\/div>\n<div class=\"services-item-content-wrap\">\n<h3 class=\"services-item-title\">Kostenlose Untersuchung<\/h3>\n<div class=\"services-item-content\">\n<p>F\u00fcr einen klaren \u00dcberblick \u00fcber Behandlungen und Kosten.<\/p><\/div>\n<\/div>\n<\/article>\n<\/div>\n<div class=\"col-12 col-sm-6 col-lg-3\">\n<article class=\"whyus services-item services-item-icon service type-service status-publish has-post-thumbnail hentry\">\n<div class=\"services-item-thumb-wrapper\"><i class=\"fa fa-3x fa-handshake greenicon\"><\/i><\/div>\n<div class=\"services-item-content-wrap\">\n<h3 class=\"services-item-title\">Freundlichkeit<\/h3>\n<div class=\"services-item-content\">\n<p>Lernen Sie unser freundliches Team kennen, welches auch stets nett und zuvorkommend ist.<\/p><\/div>\n<\/div>\n<\/article>\n<\/div>\n<div class=\"col-12 col-sm-6 col-lg-3\">\n<article class=\"whyus services-item services-item-icon service type-service status-publish has-post-thumbnail hentry\">\n<div class=\"services-item-thumb-wrapper\"><i class=\"fa fa-3x fa-history greenicon\"><\/i><\/div>\n<div class=\"services-item-content-wrap\">\n<h3 class=\"services-item-title\">Erfahrung<\/h3>\n<div class=\"services-item-content\">\n<p>Unser Fachpersonal hat eine mehrj\u00e4hrige Erfahrung in Zahnbehandlungen und Kieferchirurgie.<\/p><\/div>\n<\/div>\n<\/article>\n<\/div>\n<div class=\"col-12 col-sm-6 col-lg-3\">\n<article class=\"whyus services-item services-item-icon service type-service status-publish has-post-thumbnail hentry\">\n<div class=\"services-item-thumb-wrapper\"><i class=\"fa fa-3x fa-clock greenicon\"><\/i><\/div>\n<div class=\"services-item-content-wrap\">\n<h3 class=\"services-item-title\">Kurze Wartezeit<\/h3>\n<div class=\"services-item-content\">\n<p>Bei uns gibt es keine langen Schlangen. Sie verbringen nur kurze Zeit im Wartezimmer.<\/p><\/div>\n<\/div>\n<\/article>\n<\/div>\n<div class=\"col-12 col-sm-6 col-lg-3\">\n<article class=\"whyus services-item services-item-icon service type-service status-publish has-post-thumbnail hentry\">\n<div class=\"services-item-thumb-wrapper\"><i class=\"fa fa-3x fa-check-circle greenicon\"><\/i><\/div>\n<div class=\"services-item-content-wrap\">\n<h3 class=\"services-item-title\">Garantie<\/h3>\n<div class=\"services-item-content\">\n<p>Auf unsere Arbeiten gibt es nat\u00fcrlich Garantie. Informieren Sie sich vor Ort \u00fcber die Details.<\/p><\/div>\n<\/div>\n<\/article>\n<\/div>\n<div class=\"col-12 col-sm-6 col-lg-3\">\n<article class=\"whyus services-item services-item-icon service type-service status-publish has-post-thumbnail hentry\">\n<div class=\"services-item-thumb-wrapper\"><i class=\"fa fa-3x fa-wifi greenicon\"><\/i><\/div>\n<div class=\"services-item-content-wrap\">\n<h3 class=\"services-item-title\">Free WiFi<\/h3>\n<div class=\"services-item-content\">\n<p>In unserer Praxis haben Sie die M\u00f6glichkeit unseren kostenlosen WiFi zu ben\u00fctzen.<\/p><\/div>\n<\/div>\n<\/article>\n<\/div>\n<div class=\"col-12 col-sm-6 col-lg-3\">\n<article class=\"whyus services-item services-item-icon service type-service status-publish has-post-thumbnail hentry\">\n<div class=\"services-item-thumb-wrapper\"><i class=\"fa fa-3x fa-file-alt greenicon\"><\/i><\/div>\n<div class=\"services-item-content-wrap\">\n<h3 class=\"services-item-title\">Kostenvoranschlag<\/h3>\n<div class=\"services-item-content\">\n<p>Sie bekommen von uns einen (oder gar mehrere) unverbindlichen Kostenvoranschlag.<\/p><\/div>\n<\/div>\n<\/article>\n<\/div>\n<\/div>\n<p>&nbsp;<\/p>\n<div style=\"text-align: center; float: center;\"><a href=\"#appointment-modal\" data-toggle=\"modal\"><button class=\"btn\">ONLINE TERMIN VEREINBAREN<\/button><\/a><\/div>\n<p>[\/vc_column_text][\/vc_column][\/vc_row]<\/p>\n<\/div>","protected":false},"excerpt":{"rendered":"<p>\t\t\t\t<![CDATA[]]>\t\t<\/p>\n","protected":false},"author":1,"featured_media":0,"parent":0,"menu_order":0,"comment_status":"open","ping_status":"open","template":"templates\/home.php","meta":{"footnotes":""},"class_list":["post-11","page","type-page","status-publish","hentry"],"_links":{"self":[{"href":"https:\/\/www.swissdent.hu\/de\/wp-json\/wp\/v2\/pages\/11","targetHints":{"allow":["GET"]}}],"collection":[{"href":"https:\/\/www.swissdent.hu\/de\/wp-json\/wp\/v2\/pages"}],"about":[{"href":"https:\/\/www.swissdent.hu\/de\/wp-json\/wp\/v2\/types\/page"}],"author":[{"embeddable":true,"href":"https:\/\/www.swissdent.hu\/de\/wp-json\/wp\/v2\/users\/1"}],"replies":[{"embeddable":true,"href":"https:\/\/www.swissdent.hu\/de\/wp-json\/wp\/v2\/comments?post=11"}],"version-history":[{"count":7,"href":"https:\/\/www.swissdent.hu\/de\/wp-json\/wp\/v2\/pages\/11\/revisions"}],"predecessor-version":[{"id":1011,"href":"https:\/\/www.swissdent.hu\/de\/wp-json\/wp\/v2\/pages\/11\/revisions\/1011"}],"wp:attachment":[{"href":"https:\/\/www.swissdent.hu\/de\/wp-json\/wp\/v2\/media?parent=11"}],"curies":[{"name":"wp","href":"https:\/\/api.w.org\/{rel}","templated":true}]}}