{"id":55,"date":"2014-05-09T11:28:12","date_gmt":"2014-05-09T11:28:12","guid":{"rendered":"http:\/\/inspirythemesdemo.com\/medicalpress\/?page_id=55"},"modified":"2020-04-23T17:52:45","modified_gmt":"2020-04-23T15:52:45","slug":"uber-uns","status":"publish","type":"page","link":"https:\/\/www.swissdent.hu\/de\/uber-uns\/","title":{"rendered":"\u00dcber uns"},"content":{"rendered":"<div class=\"wpb-content-wrapper\"><p>[vc_row][vc_column][vc_column_text]<\/p>\n<h2>Unser Team<\/h2>\n<p>[\/vc_column_text][\/vc_column][\/vc_row][vc_row][vc_column][vc_column_text]<\/p>\n<p>Unsere Zahn\u00e4rzte bedienen Sie gerne in \u00e4sthetischer Zahnheilkunde, in Implantologie sowie auch bei kieferchirurgischen Eingriffen. Sie gehen regelm\u00e4ssig zu Weiterbildungen und sind daher mit den modernsten Techniken gut vertraut. Das Ziel unserer Zahn\u00e4rzte ist, um eine schmerzfreie Zahnbehandlung zu bem\u00fchen, sowie eine stressfreie beruhigende Atmosph\u00e4re zu vermitteln und f\u00fcr eine bestm\u00f6gliche Kooperation mit unseren Patienten zu sorgen.<\/p>\n<p>Mit modernsten Techniken und den besten Materialien erm\u00f6glichen wir die bestm\u00f6gliche Versorgung unserer Patienten mit hohen \u00e4sthetischen Anspr\u00fcchen. Dank dem jungen Zahntechniker-Team arbeiten wir mit dynamischen Arbeitszeiten und mit hochwertiger Qualit\u00e4t gefertigtem \u00e4sthetischen Zahnersatz.<\/p>\n<p>[\/vc_column_text][\/vc_column][\/vc_row]<\/p>\n<\/div>","protected":false},"excerpt":{"rendered":"<p>\t\t\t\t<![CDATA[]]>\t\t<\/p>\n","protected":false},"author":1,"featured_media":0,"parent":0,"menu_order":0,"comment_status":"closed","ping_status":"closed","template":"templates\/doctors-three-col.php","meta":{"footnotes":""},"class_list":["post-55","page","type-page","status-publish","hentry"],"_links":{"self":[{"href":"https:\/\/www.swissdent.hu\/de\/wp-json\/wp\/v2\/pages\/55","targetHints":{"allow":["GET"]}}],"collection":[{"href":"https:\/\/www.swissdent.hu\/de\/wp-json\/wp\/v2\/pages"}],"about":[{"href":"https:\/\/www.swissdent.hu\/de\/wp-json\/wp\/v2\/types\/page"}],"author":[{"embeddable":true,"href":"https:\/\/www.swissdent.hu\/de\/wp-json\/wp\/v2\/users\/1"}],"replies":[{"embeddable":true,"href":"https:\/\/www.swissdent.hu\/de\/wp-json\/wp\/v2\/comments?post=55"}],"version-history":[{"count":5,"href":"https:\/\/www.swissdent.hu\/de\/wp-json\/wp\/v2\/pages\/55\/revisions"}],"predecessor-version":[{"id":1017,"href":"https:\/\/www.swissdent.hu\/de\/wp-json\/wp\/v2\/pages\/55\/revisions\/1017"}],"wp:attachment":[{"href":"https:\/\/www.swissdent.hu\/de\/wp-json\/wp\/v2\/media?parent=55"}],"curies":[{"name":"wp","href":"https:\/\/api.w.org\/{rel}","templated":true}]}}