{"id":812,"date":"2020-03-30T16:23:09","date_gmt":"2020-03-30T15:23:09","guid":{"rendered":"https:\/\/test.swissdent.de\/?page_id=812"},"modified":"2020-04-25T15:35:22","modified_gmt":"2020-04-25T13:35:22","slug":"wurzelspitzenresektion","status":"publish","type":"page","link":"https:\/\/www.swissdent.hu\/de\/kieferchirurgie-ungarn\/wurzelspitzenresektion\/","title":{"rendered":"Wurzelspitzenresektion"},"content":{"rendered":"<div class=\"wpb-content-wrapper\"><p>[vc_row][vc_column][vc_column_text]<\/p>\n<h2>Was ist eine Wurzelspitzenresektion?<\/h2>\n<p>[\/vc_column_text][\/vc_column][\/vc_row][vc_row][vc_column width=&#8221;2\/3&#8243;][vc_column_text]<\/p>\n<p>Eine unpassende (zu lange oder zu kurze) Wurzelf\u00fcllung kann zu einem Granulom an der Wurzelspitze f\u00fchren, wo sich die Bakterien vermehren. Wenn die anatomischen Verh\u00e4ltnisse dies zulassen, kann in solchen F\u00e4llen eine Wurzelspitzenresektion helfen, das Granulom zu entfernen und den Zahn vor einer Extraktion zu retten.<\/p>\n<p>Hierbei wird bei lokaler An\u00e4sthesie die Wurzelspitze abgetrennt und das entz\u00fcndete Gewebe rund um die Wurzel entfernt und gereinigt.<\/p>\n<p>[\/vc_column_text][\/vc_column][vc_column width=&#8221;1\/3&#8243;][vc_single_image image=&#8221;813&#8243; img_size=&#8221;large&#8221;][\/vc_column][\/vc_row][vc_row][vc_column][vc_empty_space][\/vc_column][\/vc_row][vc_row][vc_column][vc_column_text]<\/p>\n<p><a class=\"read-more orange\" href=\"#appointment-modal\" data-toggle=\"modal\">Jetzt Termin vereinbaren<\/a><\/p>\n<p>[\/vc_column_text][\/vc_column][\/vc_row]<\/p>\n<\/div>","protected":false},"excerpt":{"rendered":"<p>[vc_row][vc_column][vc_column_text] Was ist eine Wurzelspitzenresektion? [\/vc_column_text][\/vc_column][\/vc_row][vc_row][vc_column width=&#8221;2\/3&#8243;][vc_column_text] Eine unpassende (zu lange oder zu kurze) Wurzelf\u00fcllung kann zu einem Granulom an der Wurzelspitze f\u00fchren, wo sich die Bakterien vermehren. Wenn die anatomischen Verh\u00e4ltnisse dies zulassen, kann in solchen F\u00e4llen eine Wurzelspitzenresektion helfen, das Granulom zu entfernen und den Zahn vor einer Extraktion zu retten. Hierbei wird [&hellip;]<\/p>\n","protected":false},"author":1,"featured_media":0,"parent":791,"menu_order":0,"comment_status":"closed","ping_status":"closed","template":"templates\/fullwidth.php","meta":{"footnotes":""},"class_list":["post-812","page","type-page","status-publish","hentry"],"_links":{"self":[{"href":"https:\/\/www.swissdent.hu\/de\/wp-json\/wp\/v2\/pages\/812","targetHints":{"allow":["GET"]}}],"collection":[{"href":"https:\/\/www.swissdent.hu\/de\/wp-json\/wp\/v2\/pages"}],"about":[{"href":"https:\/\/www.swissdent.hu\/de\/wp-json\/wp\/v2\/types\/page"}],"author":[{"embeddable":true,"href":"https:\/\/www.swissdent.hu\/de\/wp-json\/wp\/v2\/users\/1"}],"replies":[{"embeddable":true,"href":"https:\/\/www.swissdent.hu\/de\/wp-json\/wp\/v2\/comments?post=812"}],"version-history":[{"count":6,"href":"https:\/\/www.swissdent.hu\/de\/wp-json\/wp\/v2\/pages\/812\/revisions"}],"predecessor-version":[{"id":1077,"href":"https:\/\/www.swissdent.hu\/de\/wp-json\/wp\/v2\/pages\/812\/revisions\/1077"}],"up":[{"embeddable":true,"href":"https:\/\/www.swissdent.hu\/de\/wp-json\/wp\/v2\/pages\/791"}],"wp:attachment":[{"href":"https:\/\/www.swissdent.hu\/de\/wp-json\/wp\/v2\/media?parent=812"}],"curies":[{"name":"wp","href":"https:\/\/api.w.org\/{rel}","templated":true}]}}