{"id":821,"date":"2020-03-30T16:57:47","date_gmt":"2020-03-30T15:57:47","guid":{"rendered":"https:\/\/test.swissdent.de\/?page_id=821"},"modified":"2020-04-25T15:34:33","modified_gmt":"2020-04-25T13:34:33","slug":"knochenaufbau","status":"publish","type":"page","link":"https:\/\/www.swissdent.hu\/de\/kieferchirurgie-ungarn\/knochenaufbau\/","title":{"rendered":"Knochenaufbau"},"content":{"rendered":"<div class=\"wpb-content-wrapper\"><p>[vc_row][vc_column][vc_column_text]<\/p>\n<h2>Wann braucht es einen Knochenaufbau?<\/h2>\n<p>[\/vc_column_text][\/vc_column][\/vc_row][vc_row][vc_column width=&#8221;2\/3&#8243;][vc_column_text]<\/p>\n<p>Es kann aus mehreren Gr\u00fcnden notwendig sein einen Knochenaufbau durchzuf\u00fchren. Unter anderem kann man die defekte Knochenstruktur parodontal erkrankter Z\u00e4hne wieder aufbauen oder bei Zahnimplantaten, wenn die breite oder h\u00f6he des Knochens nicht gen\u00fcgend ist, um ein Zahnimplantat einzusetzen.<\/p>\n<p>[\/vc_column_text][\/vc_column][vc_column width=&#8221;1\/3&#8243;][vc_single_image image=&#8221;822&#8243; img_size=&#8221;large&#8221;][\/vc_column][\/vc_row][vc_row][vc_column][vc_empty_space][\/vc_column][\/vc_row][vc_row][vc_column][vc_column_text]<\/p>\n<p><a class=\"read-more orange\" href=\"#appointment-modal\" data-toggle=\"modal\">Jetzt Termin vereinbaren<\/a><\/p>\n<p>[\/vc_column_text][\/vc_column][\/vc_row]<\/p>\n<\/div>","protected":false},"excerpt":{"rendered":"<p>[vc_row][vc_column][vc_column_text] Wann braucht es einen Knochenaufbau? [\/vc_column_text][\/vc_column][\/vc_row][vc_row][vc_column width=&#8221;2\/3&#8243;][vc_column_text] Es kann aus mehreren Gr\u00fcnden notwendig sein einen Knochenaufbau durchzuf\u00fchren. Unter anderem kann man die defekte Knochenstruktur parodontal erkrankter Z\u00e4hne wieder aufbauen oder bei Zahnimplantaten, wenn die breite oder h\u00f6he des Knochens nicht gen\u00fcgend ist, um ein Zahnimplantat einzusetzen. [\/vc_column_text][\/vc_column][vc_column width=&#8221;1\/3&#8243;][vc_single_image image=&#8221;822&#8243; img_size=&#8221;large&#8221;][\/vc_column][\/vc_row][vc_row][vc_column][vc_empty_space][\/vc_column][\/vc_row][vc_row][vc_column][vc_column_text] Jetzt Termin vereinbaren [\/vc_column_text][\/vc_column][\/vc_row]<\/p>\n","protected":false},"author":1,"featured_media":0,"parent":791,"menu_order":0,"comment_status":"closed","ping_status":"closed","template":"templates\/fullwidth.php","meta":{"footnotes":""},"class_list":["post-821","page","type-page","status-publish","hentry"],"_links":{"self":[{"href":"https:\/\/www.swissdent.hu\/de\/wp-json\/wp\/v2\/pages\/821","targetHints":{"allow":["GET"]}}],"collection":[{"href":"https:\/\/www.swissdent.hu\/de\/wp-json\/wp\/v2\/pages"}],"about":[{"href":"https:\/\/www.swissdent.hu\/de\/wp-json\/wp\/v2\/types\/page"}],"author":[{"embeddable":true,"href":"https:\/\/www.swissdent.hu\/de\/wp-json\/wp\/v2\/users\/1"}],"replies":[{"embeddable":true,"href":"https:\/\/www.swissdent.hu\/de\/wp-json\/wp\/v2\/comments?post=821"}],"version-history":[{"count":4,"href":"https:\/\/www.swissdent.hu\/de\/wp-json\/wp\/v2\/pages\/821\/revisions"}],"predecessor-version":[{"id":1073,"href":"https:\/\/www.swissdent.hu\/de\/wp-json\/wp\/v2\/pages\/821\/revisions\/1073"}],"up":[{"embeddable":true,"href":"https:\/\/www.swissdent.hu\/de\/wp-json\/wp\/v2\/pages\/791"}],"wp:attachment":[{"href":"https:\/\/www.swissdent.hu\/de\/wp-json\/wp\/v2\/media?parent=821"}],"curies":[{"name":"wp","href":"https:\/\/api.w.org\/{rel}","templated":true}]}}