{"id":824,"date":"2020-03-30T17:04:59","date_gmt":"2020-03-30T16:04:59","guid":{"rendered":"https:\/\/test.swissdent.de\/?page_id=824"},"modified":"2020-04-25T15:34:56","modified_gmt":"2020-04-25T13:34:56","slug":"sinuslifting","status":"publish","type":"page","link":"https:\/\/www.swissdent.hu\/de\/kieferchirurgie-ungarn\/sinuslifting\/","title":{"rendered":"Sinuslifting"},"content":{"rendered":"<div class=\"wpb-content-wrapper\"><p>[vc_row][vc_column][vc_column_text]<\/p>\n<h2>Was bedeutet Sinuslifting?<\/h2>\n<p>[\/vc_column_text][\/vc_column][\/vc_row][vc_row][vc_column width=&#8221;2\/3&#8243;][vc_column_text]<\/p>\n<p>Sinuslifting braucht man, wenn im Oberkiefer die Nebenh\u00f6hlen tiefer liegen und deswegen kein Zahnimplat eingesetzt werden kann. In solchen F\u00e4llen wird unter die Schleimhaut der Nebenh\u00f6hle Knochenersatzmaterial eingesetzt und meistens kann dann auch noch ein Zahnimplantat eingesetzt werden.<\/p>\n<p>[\/vc_column_text][\/vc_column][vc_column width=&#8221;1\/3&#8243;][vc_single_image image=&#8221;827&#8243; img_size=&#8221;large&#8221;][\/vc_column][\/vc_row][vc_row][vc_column][vc_empty_space][\/vc_column][\/vc_row][vc_row][vc_column][vc_column_text]<\/p>\n<p><a class=\"read-more orange\" href=\"#appointment-modal\" data-toggle=\"modal\">Jetzt Termin vereinbaren<\/a><\/p>\n<p>[\/vc_column_text][\/vc_column][\/vc_row]<\/p>\n<\/div>","protected":false},"excerpt":{"rendered":"<p>[vc_row][vc_column][vc_column_text] Was bedeutet Sinuslifting? [\/vc_column_text][\/vc_column][\/vc_row][vc_row][vc_column width=&#8221;2\/3&#8243;][vc_column_text] Sinuslifting braucht man, wenn im Oberkiefer die Nebenh\u00f6hlen tiefer liegen und deswegen kein Zahnimplat eingesetzt werden kann. In solchen F\u00e4llen wird unter die Schleimhaut der Nebenh\u00f6hle Knochenersatzmaterial eingesetzt und meistens kann dann auch noch ein Zahnimplantat eingesetzt werden. [\/vc_column_text][\/vc_column][vc_column width=&#8221;1\/3&#8243;][vc_single_image image=&#8221;827&#8243; img_size=&#8221;large&#8221;][\/vc_column][\/vc_row][vc_row][vc_column][vc_empty_space][\/vc_column][\/vc_row][vc_row][vc_column][vc_column_text] Jetzt Termin vereinbaren [\/vc_column_text][\/vc_column][\/vc_row]<\/p>\n","protected":false},"author":1,"featured_media":0,"parent":791,"menu_order":0,"comment_status":"closed","ping_status":"closed","template":"templates\/fullwidth.php","meta":{"footnotes":""},"class_list":["post-824","page","type-page","status-publish","hentry"],"_links":{"self":[{"href":"https:\/\/www.swissdent.hu\/de\/wp-json\/wp\/v2\/pages\/824","targetHints":{"allow":["GET"]}}],"collection":[{"href":"https:\/\/www.swissdent.hu\/de\/wp-json\/wp\/v2\/pages"}],"about":[{"href":"https:\/\/www.swissdent.hu\/de\/wp-json\/wp\/v2\/types\/page"}],"author":[{"embeddable":true,"href":"https:\/\/www.swissdent.hu\/de\/wp-json\/wp\/v2\/users\/1"}],"replies":[{"embeddable":true,"href":"https:\/\/www.swissdent.hu\/de\/wp-json\/wp\/v2\/comments?post=824"}],"version-history":[{"count":6,"href":"https:\/\/www.swissdent.hu\/de\/wp-json\/wp\/v2\/pages\/824\/revisions"}],"predecessor-version":[{"id":1075,"href":"https:\/\/www.swissdent.hu\/de\/wp-json\/wp\/v2\/pages\/824\/revisions\/1075"}],"up":[{"embeddable":true,"href":"https:\/\/www.swissdent.hu\/de\/wp-json\/wp\/v2\/pages\/791"}],"wp:attachment":[{"href":"https:\/\/www.swissdent.hu\/de\/wp-json\/wp\/v2\/media?parent=824"}],"curies":[{"name":"wp","href":"https:\/\/api.w.org\/{rel}","templated":true}]}}